{"id":43,"date":"2022-03-14T15:11:56","date_gmt":"2022-03-14T15:11:56","guid":{"rendered":"https:\/?page_id=43"},"modified":"2025-05-04T23:13:47","modified_gmt":"2025-05-04T23:13:47","slug":"obligaciones-en-sst","status":"publish","type":"page","link":"https:\/\/asesoriayproyectosempresariales.com\/?page_id=43","title":{"rendered":"OBLIGACIONES EN SST"},"content":{"rendered":"\n<p><strong><mark style=\"background-color:rgba(0, 0, 0, 0)\" class=\"has-inline-color has-vivid-purple-color\">OBLIGACIONES EN MATERIA DE SEGURIDAD Y SALUD EN LA PLATAFORMA DEL SISTEMA \u00daNICO DE TRABAJO SUT<\/mark><\/strong><\/p>\n\n\n\n<p><strong>Estas obligaciones han cambiado una vez que entr\u00f3 en vigencia el Decreto Ejecutivo 255 Reglamento de Seguridad y Salud en el Trabajo.<\/strong><\/p>\n\n\n\n<p>De acuerdo a lo que establece el Acuerdo Ministerial MDT-2024-196, las empresas, personas naturales e instituciones p\u00fablicas y privadas deben realizar el registro de la gesti\u00f3n de seguridad y salud de los siguientes requerimientos legales:<\/p>\n\n\n\n<p><strong><mark style=\"background-color:rgba(0, 0, 0, 0)\" class=\"has-inline-color has-vivid-purple-color\">OBLIGACIONES DE SEGURIDAD Y SALUD EN EL TRABAJO PARA EMPRESAS DE 1 A 10 TRABAJADORES<\/mark><\/strong><\/p>\n\n\n\n<p>a) Responsables de seguridad y salud en el trabajo;<\/p>\n\n\n\n<p>b) Organismos Paritarios de Seguridad y Salud en el Trabajo;<\/p>\n\n\n\n<p>c) Plan de Prevenci\u00f3n de Riesgos Laborales;<\/p>\n\n\n\n<p>d) Salas de apoyo a la lactancia materna, de conformidad con la norma vigente;<\/p>\n\n\n\n<p>e) Promoci\u00f3n y prevenci\u00f3n de la salud en el trabajo; y,<\/p>\n\n\n\n<p>f) Dem\u00e1s que determine el ministerio rector de trabajo.<\/p>\n\n\n\n<ol style=\"list-style-type:lower-alpha\" class=\"wp-block-list\"><\/ol>\n\n\n\n<p><strong><mark style=\"background-color:rgba(0, 0, 0, 0)\" class=\"has-inline-color has-vivid-purple-color\">OBLIGACIONES DE SEGURIDAD Y SALUD EN EL TRABAJO PARA EMPRESAS CON M\u00c1S DE 10 TRABAJADORES<\/mark><\/strong><\/p>\n\n\n\n<p>a) Responsables de seguridad y salud en el trabajo;<\/p>\n\n\n\n<p>b) Reglamento de higiene y seguridad;<\/p>\n\n\n\n<p>c) Organismos Paritarios de Seguridad y Salud en el Trabajo;<\/p>\n\n\n\n<p><span style=\"font-size: revert; color: initial;\">d) Programa de prevenci\u00f3n integral del uso y consumo de alcohol, tabaco u otras drogas en los espacios laborales p\u00fablicos y privados;<\/span><\/p>\n\n\n\n<p><span style=\"font-size: revert; color: initial;\">e) Programa de prevenci\u00f3n de riesgos psicosociales;<\/span><\/p>\n\n\n\n<p><span style=\"font-size: revert; color: initial;\">f) Plan anual de capacitaciones;<\/span><\/p>\n\n\n\n<p><span style=\"font-size: revert; color: initial;\">g) Salas de apoyo a la lactancia materna de conformidad con la norma vigente;<\/span><\/p>\n\n\n\n<p><span style=\"font-size: revert; color: initial;\">h) Prevenci\u00f3n de amenazas naturales y riesgos antr\u00f3picos;<\/span><\/p>\n\n\n\n<p>i) Vigilancia de la salud en el trabajo; y,<\/p>\n\n\n\n<ol class=\"wp-block-list\"><\/ol>\n\n\n\n<ol style=\"list-style-type:lower-alpha\" class=\"wp-block-list\"><\/ol>\n\n\n\n<p>j) Dem\u00e1s que determine el ministerio rector de trabajo.<\/p>\n\n\n\n<p><\/p>\n\n\n\n<figure class=\"wp-block-table\"><table><tbody><tr><td>Es responsabilidad de los empleadores elaborar y solicitar la aprobaci\u00f3n del<strong> plan de prevenci\u00f3n de riesgos laborales<\/strong> o del <strong>reglamento de higiene y seguridad<\/strong> al ministerio rector trabajo. Este deber\u00e1 ser suscrito por el empleador y el responsable de la implementaci\u00f3n de la gesti\u00f3n en seguridad en el trabajo y prevenci\u00f3n de riesgos laborales.<\/td><\/tr><tr><td><br>Ser\u00e1 responsabilidad de los Directores Regionales del Trabajo y Servicio P\u00fablico la aprobaci\u00f3n del Reglamento de Higiene y Seguridad y el Plan de Prevenci\u00f3n de Riesgos Laborales. Una vez que estos sean aprobados, el empleador dispondr\u00e1 de un <strong>plazo improrrogable de quince (15) d\u00edas para descargarlos como respaldo de su registro y aprobaci\u00f3n<\/strong>. Transcurrido este plazo, los documentos se eliminar\u00e1n autom\u00e1ticamente. Sin embargo, la informaci\u00f3n registrada en relaci\u00f3n al tr\u00e1mite se mantendr\u00e1 de manera indefinida.<br><\/td><\/tr><\/tbody><\/table><\/figure>\n\n\n\n<h2 class=\"wp-block-heading\"><strong><strong><mark style=\"background-color:rgba(0, 0, 0, 0)\" class=\"has-inline-color has-vivid-purple-color\">ACTUALIZACI\u00d3N Y RENOVACI\u00d3N<\/mark><\/strong><\/strong><\/h2>\n\n\n\n<p>La vigencia que cada una de las obligaciones que el empleador tiene son las determinadas a continuaci\u00f3n:<\/p>\n\n\n\n<figure class=\"wp-block-image size-full is-resized\"><img loading=\"lazy\" decoding=\"async\" width=\"582\" height=\"376\" src=\"https:\/\/asesoriayproyectosempresariales.com\/wp-content\/uploads\/2025\/03\/1-a-10-micro.png\" alt=\"\" class=\"wp-image-5825\" style=\"width:833px;height:auto\" srcset=\"https:\/\/asesoriayproyectosempresariales.com\/wp-content\/uploads\/2025\/03\/1-a-10-micro.png 582w, https:\/\/asesoriayproyectosempresariales.com\/wp-content\/uploads\/2025\/03\/1-a-10-micro-300x194.png 300w\" sizes=\"auto, (max-width: 582px) 100vw, 582px\" \/><\/figure>\n\n\n\n<figure class=\"wp-block-image size-full\"><img loading=\"lazy\" decoding=\"async\" width=\"894\" height=\"939\" src=\"https:\/\/asesoriayproyectosempresariales.com\/wp-content\/uploads\/2025\/03\/10-o-mas.png\" alt=\"\" class=\"wp-image-5823\" srcset=\"https:\/\/asesoriayproyectosempresariales.com\/wp-content\/uploads\/2025\/03\/10-o-mas.png 894w, https:\/\/asesoriayproyectosempresariales.com\/wp-content\/uploads\/2025\/03\/10-o-mas-286x300.png 286w, https:\/\/asesoriayproyectosempresariales.com\/wp-content\/uploads\/2025\/03\/10-o-mas-768x807.png 768w\" sizes=\"auto, (max-width: 894px) 100vw, 894px\" \/><\/figure>\n\n\n\n<hr class=\"wp-block-separator has-alpha-channel-opacity\"\/>\n\n\n\n<h2 class=\"wp-block-heading\"><strong><strong><mark style=\"background-color:rgba(0, 0, 0, 0)\" class=\"has-inline-color has-vivid-purple-color\">GESTI\u00d3N DEL MONITOR Y DEL T\u00c9CNICO DE SEGURIDAD E HIGIENE DEL TRABAJO.<\/mark><\/strong><\/strong><\/h2>\n\n\n\n<p>De conformidad con el Reglamento de seguridad y salud en el trabajo, el empleador deber\u00e1 designar un <strong>monitor<\/strong> o <strong>t\u00e9cnico<\/strong> de seguridad e higiene del trabajo, quien cumplir\u00e1 sus funciones en el lugar y\/o centro de trabajo conforme el siguiente detalle:<\/p>\n\n\n\n<figure class=\"wp-block-image size-large\"><img loading=\"lazy\" decoding=\"async\" width=\"1024\" height=\"785\" src=\"https:\/\/asesoriayproyectosempresariales.com\/wp-content\/uploads\/2025\/03\/monitor-tecnico-1024x785.png\" alt=\"\" class=\"wp-image-5819\" srcset=\"https:\/\/asesoriayproyectosempresariales.com\/wp-content\/uploads\/2025\/03\/monitor-tecnico-1024x785.png 1024w, https:\/\/asesoriayproyectosempresariales.com\/wp-content\/uploads\/2025\/03\/monitor-tecnico-300x230.png 300w, https:\/\/asesoriayproyectosempresariales.com\/wp-content\/uploads\/2025\/03\/monitor-tecnico-768x589.png 768w, https:\/\/asesoriayproyectosempresariales.com\/wp-content\/uploads\/2025\/03\/monitor-tecnico.png 1477w\" sizes=\"auto, (max-width: 1024px) 100vw, 1024px\" \/><\/figure>\n\n\n\n<div class=\"wp-block-group\"><div class=\"wp-block-group__inner-container is-layout-constrained wp-block-group-is-layout-constrained\"><\/div><\/div>\n\n\n\n<h2 class=\"wp-block-heading\"><strong><em>Es responsabilidad del empleador mantener actualizado el archivo con los documentos originales y suscritos que sustenten lo registrado, aprobado y reportado en la plataforma inform\u00e1tica que el ministerio rector del trabajo determine para el efecto, a fin de que sean presentados a las autoridades de control, cuando se lo requiera<\/em><\/strong><\/h2>\n","protected":false},"excerpt":{"rendered":"<p>OBLIGACIONES EN MATERIA DE SEGURIDAD Y SALUD EN LA PLATAFORMA DEL SISTEMA \u00daNICO DE TRABAJO SUT Estas obligaciones han cambiado una vez que entr\u00f3 en vigencia el Decreto Ejecutivo 255 Reglamento de Seguridad y Salud en el Trabajo. De acuerdo a lo que establece el Acuerdo Ministerial MDT-2024-196, las empresas, personas naturales e instituciones p\u00fablicas [&hellip;]<\/p>\n","protected":false},"author":1,"featured_media":0,"parent":0,"menu_order":0,"comment_status":"closed","ping_status":"closed","template":"","meta":{"footnotes":""},"class_list":["post-43","page","type-page","status-publish","hentry"],"_links":{"self":[{"href":"https:\/\/asesoriayproyectosempresariales.com\/index.php?rest_route=\/wp\/v2\/pages\/43","targetHints":{"allow":["GET"]}}],"collection":[{"href":"https:\/\/asesoriayproyectosempresariales.com\/index.php?rest_route=\/wp\/v2\/pages"}],"about":[{"href":"https:\/\/asesoriayproyectosempresariales.com\/index.php?rest_route=\/wp\/v2\/types\/page"}],"author":[{"embeddable":true,"href":"https:\/\/asesoriayproyectosempresariales.com\/index.php?rest_route=\/wp\/v2\/users\/1"}],"replies":[{"embeddable":true,"href":"https:\/\/asesoriayproyectosempresariales.com\/index.php?rest_route=%2Fwp%2Fv2%2Fcomments&post=43"}],"version-history":[{"count":30,"href":"https:\/\/asesoriayproyectosempresariales.com\/index.php?rest_route=\/wp\/v2\/pages\/43\/revisions"}],"predecessor-version":[{"id":5866,"href":"https:\/\/asesoriayproyectosempresariales.com\/index.php?rest_route=\/wp\/v2\/pages\/43\/revisions\/5866"}],"wp:attachment":[{"href":"https:\/\/asesoriayproyectosempresariales.com\/index.php?rest_route=%2Fwp%2Fv2%2Fmedia&parent=43"}],"curies":[{"name":"wp","href":"https:\/\/api.w.org\/{rel}","templated":true}]}}