{"id":5553,"date":"2024-03-27T14:02:38","date_gmt":"2024-03-27T14:02:38","guid":{"rendered":"https:\/?page_id=5553"},"modified":"2024-03-29T21:45:09","modified_gmt":"2024-03-29T21:45:09","slug":"quienes-somos","status":"publish","type":"page","link":"https:\/\/asesoriayproyectosempresariales.com\/?page_id=5553","title":{"rendered":"Quienes somos"},"content":{"rendered":"\n\n\n<h1 class=\"wp-block-heading has-text-align-center\">\u00bfQuienes somos?<\/h1>\n<p class=\"has-text-align-left\">Somos una consultora de proyectos de ingenier\u00eda industrial con enfoque en la implementaci\u00f3n de sistemas de gesti\u00f3n en proyectos de calidad, producci\u00f3n, mantenimiento, seguridad y salud ocupacional adem\u00e1s de capacitaci\u00f3n de personal.<\/p>\n<figure class=\"wp-block-image aligncenter size-full is-resized\"><img loading=\"lazy\" decoding=\"async\" width=\"149\" height=\"142\" src=\"\/\/\/wp-content\/uploads\/2024\/03\/MISION.png\" alt=\"\" class=\"wp-image-5585\" style=\"width:81px;height:auto\"\/><\/figure>\n<h1 class=\"wp-block-heading has-text-align-center\">Misi\u00f3n<\/h1>\n<p>Atender servicios de asesor\u00eda y capacitaci\u00f3n de las pymes con responsabilidad, calidad, eficiencia en la gesti\u00f3n de sus negocios, con soluciones dise\u00f1adas a medida y orientadas a cumplir las necesidades requeridas del cliente impulsando su crecimiento y beneficio empresarial a corto y largo plazo.<\/p>\n<figure class=\"wp-block-image aligncenter size-full is-resized\"><img loading=\"lazy\" decoding=\"async\" width=\"148\" height=\"146\" src=\"\/\/\/wp-content\/uploads\/2024\/03\/VISION.png\" alt=\"\" class=\"wp-image-5586\" style=\"width:85px;height:auto\"\/><\/figure>\n<h1 class=\"wp-block-heading has-text-align-center\">Visi\u00f3n<\/h1>\n<p>Lograr un crecimiento sostenible, una estabilidad financiera y operativa, incrementar las \u00e1reas de servicios aplicables, ampliar el abarque comercial y solidificar la organizaci\u00f3n y estructura interna de la empresa.<\/p>\n","protected":false},"excerpt":{"rendered":"<p>\u00bfQuienes somos? Somos una consultora de proyectos de ingenier\u00eda industrial con enfoque en la implementaci\u00f3n de sistemas de gesti\u00f3n en proyectos de calidad, producci\u00f3n, mantenimiento, seguridad y salud ocupacional adem\u00e1s de capacitaci\u00f3n de personal. Misi\u00f3n Atender servicios de asesor\u00eda y capacitaci\u00f3n de las pymes con responsabilidad, calidad, eficiencia en la gesti\u00f3n de sus negocios, con [&hellip;]<\/p>\n","protected":false},"author":1,"featured_media":0,"parent":0,"menu_order":0,"comment_status":"closed","ping_status":"closed","template":"","meta":{"footnotes":""},"class_list":["post-5553","page","type-page","status-publish","hentry"],"_links":{"self":[{"href":"https:\/\/asesoriayproyectosempresariales.com\/index.php?rest_route=\/wp\/v2\/pages\/5553","targetHints":{"allow":["GET"]}}],"collection":[{"href":"https:\/\/asesoriayproyectosempresariales.com\/index.php?rest_route=\/wp\/v2\/pages"}],"about":[{"href":"https:\/\/asesoriayproyectosempresariales.com\/index.php?rest_route=\/wp\/v2\/types\/page"}],"author":[{"embeddable":true,"href":"https:\/\/asesoriayproyectosempresariales.com\/index.php?rest_route=\/wp\/v2\/users\/1"}],"replies":[{"embeddable":true,"href":"https:\/\/asesoriayproyectosempresariales.com\/index.php?rest_route=%2Fwp%2Fv2%2Fcomments&post=5553"}],"version-history":[{"count":52,"href":"https:\/\/asesoriayproyectosempresariales.com\/index.php?rest_route=\/wp\/v2\/pages\/5553\/revisions"}],"predecessor-version":[{"id":5681,"href":"https:\/\/asesoriayproyectosempresariales.com\/index.php?rest_route=\/wp\/v2\/pages\/5553\/revisions\/5681"}],"wp:attachment":[{"href":"https:\/\/asesoriayproyectosempresariales.com\/index.php?rest_route=%2Fwp%2Fv2%2Fmedia&parent=5553"}],"curies":[{"name":"wp","href":"https:\/\/api.w.org\/{rel}","templated":true}]}}